{"id":3911,"date":"2024-05-24T18:48:20","date_gmt":"2024-05-24T18:48:20","guid":{"rendered":"https:\/\/www.wicom-telefonica.com\/?page_id=3911"},"modified":"2025-10-20T15:06:13","modified_gmt":"2025-10-20T15:06:13","slug":"politica-de-privacidad","status":"publish","type":"page","link":"https:\/\/www.wicom-telefonica.com\/index.php\/politica-de-privacidad\/","title":{"rendered":"Pol\u00edtica de Privacidad"},"content":{"rendered":"\t\t<div data-elementor-type=\"wp-page\" data-elementor-id=\"3911\" class=\"elementor elementor-3911\">\n\t\t\t\t\t\t\t\t\t<section class=\"elementor-section elementor-top-section elementor-element elementor-element-bdac10e elementor-section-full_width elementor-section-height-default elementor-section-height-default\" data-id=\"bdac10e\" data-element_type=\"section\" data-settings=\"{&quot;background_background&quot;:&quot;classic&quot;}\">\n\t\t\t\t\t\t<div class=\"elementor-container elementor-column-gap-default\">\n\t\t\t\t\t<div class=\"elementor-column elementor-col-100 elementor-top-column elementor-element elementor-element-2dc5597\" data-id=\"2dc5597\" data-element_type=\"column\">\n\t\t\t<div class=\"elementor-widget-wrap elementor-element-populated\">\n\t\t\t\t\t\t\t\t<div class=\"elementor-element elementor-element-d976679 elementor-widget elementor-widget-spacer\" data-id=\"d976679\" data-element_type=\"widget\" data-widget_type=\"spacer.default\">\n\t\t\t\t<div class=\"elementor-widget-container\">\n\t\t\t<style>\/*! elementor - v3.6.7 - 12-07-2022 *\/\n.e-container.e-container--row .elementor-spacer-inner{width:var(--spacer-size)}.e-container.e-container--column .elementor-spacer-inner,.elementor-column .elementor-spacer-inner{height:var(--spacer-size)}<\/style>\t\t<div class=\"elementor-spacer\">\n\t\t\t<div class=\"elementor-spacer-inner\"><\/div>\n\t\t<\/div>\n\t\t\t\t<\/div>\n\t\t\t\t<\/div>\n\t\t\t\t\t<\/div>\n\t\t<\/div>\n\t\t\t\t\t\t\t<\/div>\n\t\t<\/section>\n\t\t\t\t<section class=\"elementor-section elementor-top-section elementor-element elementor-element-5cc568e elementor-section-boxed elementor-section-height-default elementor-section-height-default\" data-id=\"5cc568e\" data-element_type=\"section\" data-settings=\"{&quot;background_background&quot;:&quot;classic&quot;}\">\n\t\t\t\t\t\t<div class=\"elementor-container elementor-column-gap-default\">\n\t\t\t\t\t<div class=\"elementor-column elementor-col-100 elementor-top-column elementor-element elementor-element-c854cab\" data-id=\"c854cab\" data-element_type=\"column\">\n\t\t\t<div class=\"elementor-widget-wrap elementor-element-populated\">\n\t\t\t\t\t\t\t\t<div class=\"elementor-element elementor-element-a3bc862 elementor-invisible elementor-widget elementor-widget-heading\" data-id=\"a3bc862\" data-element_type=\"widget\" data-settings=\"{&quot;_animation&quot;:&quot;fadeIn&quot;}\" data-widget_type=\"heading.default\">\n\t\t\t\t<div class=\"elementor-widget-container\">\n\t\t\t<style>\/*! elementor - v3.6.7 - 12-07-2022 *\/\n.elementor-heading-title{padding:0;margin:0;line-height:1}.elementor-widget-heading .elementor-heading-title[class*=elementor-size-]>a{color:inherit;font-size:inherit;line-height:inherit}.elementor-widget-heading .elementor-heading-title.elementor-size-small{font-size:15px}.elementor-widget-heading .elementor-heading-title.elementor-size-medium{font-size:19px}.elementor-widget-heading .elementor-heading-title.elementor-size-large{font-size:29px}.elementor-widget-heading .elementor-heading-title.elementor-size-xl{font-size:39px}.elementor-widget-heading .elementor-heading-title.elementor-size-xxl{font-size:59px}<\/style><h2 class=\"elementor-heading-title elementor-size-default\"><br>Pol\u00edtica de Privacidad \/ Privacy Policy\n<\/h2>\t\t<\/div>\n\t\t\t\t<\/div>\n\t\t\t\t<div class=\"elementor-element elementor-element-6c90cb1 elementor-invisible elementor-widget elementor-widget-text-editor\" data-id=\"6c90cb1\" data-element_type=\"widget\" data-settings=\"{&quot;_animation&quot;:&quot;fadeIn&quot;}\" data-widget_type=\"text-editor.default\">\n\t\t\t\t<div class=\"elementor-widget-container\">\n\t\t\t<style>\/*! elementor - v3.6.7 - 12-07-2022 *\/\n.elementor-widget-text-editor.elementor-drop-cap-view-stacked .elementor-drop-cap{background-color:#818a91;color:#fff}.elementor-widget-text-editor.elementor-drop-cap-view-framed .elementor-drop-cap{color:#818a91;border:3px solid;background-color:transparent}.elementor-widget-text-editor:not(.elementor-drop-cap-view-default) .elementor-drop-cap{margin-top:8px}.elementor-widget-text-editor:not(.elementor-drop-cap-view-default) .elementor-drop-cap-letter{width:1em;height:1em}.elementor-widget-text-editor .elementor-drop-cap{float:left;text-align:center;line-height:1;font-size:50px}.elementor-widget-text-editor .elementor-drop-cap-letter{display:inline-block}<\/style>\t\t\t\t<p>\u00daltima actualizaci\u00f3n \/ Last updated: 20 de octubre de 2025<\/p><p>1. Introducci\u00f3n \/ Introduction<br \/>ES: Esta aplicaci\u00f3n utiliza la c\u00e1mara del dispositivo exclusivamente para escanear c\u00f3digos QR relacionados con el control de acceso. No se recopilan, almacenan ni comparten im\u00e1genes ni datos biom\u00e9tricos.<br \/>EN: This application uses the device\u2019s camera solely to scan QR codes for access control. No images or biometric data are collected, stored, or shared.<\/p><p>2. Permisos utilizados \/ Permissions Used android.permission.CAMERA<br \/>ES: Este permiso se solicita \u00fanicamente para activar el esc\u00e1ner de c\u00f3digos QR. No se accede a la c\u00e1mara para otros fines.<br \/>EN: This permission is requested solely to enable the QR code scanner. The camera is not accessed for any other purpose.<\/p><p>3. Datos recopilados \/ Data Collected<br \/>ES: La aplicaci\u00f3n no recopila datos personales, im\u00e1genes, ubicaci\u00f3n ni informaci\u00f3n biom\u00e9trica. Todos los procesos se ejecutan localmente en el dispositivo.<br \/>EN: The app does not collect personal data, images, location, or biometric information. All processes run locally on the device.<\/p><p>4. Compartici\u00f3n de datos \/ Data Sharing<br \/>ES: No se comparte ning\u00fan dato con terceros. La aplicaci\u00f3n no transmite informaci\u00f3n a servidores externos.<br \/>EN: No data is shared with third parties. The app does not transmit information to external servers.<\/p><p>5. Seguridad \/ Security<br \/>ES: La aplicaci\u00f3n opera en modo local y no requiere conexi\u00f3n a internet para escanear c\u00f3digos QR. Esto minimiza los riesgos de seguridad.<br \/>EN: The app operates locally and does not require internet access to scan QR codes, minimizing security risks.<\/p><p>6. Contacto \/ Contact<br \/>ES: Para consultas sobre privacidad, cont\u00e1ctenos en: info@wicom-telefonica.com<br \/>EN: For privacy inquiries, contact us at: info@wicom-telefonica.com<\/p>\t\t\t\t\t\t<\/div>\n\t\t\t\t<\/div>\n\t\t\t\t\t<\/div>\n\t\t<\/div>\n\t\t\t\t\t\t\t<\/div>\n\t\t<\/section>\n\t\t\t\t<section class=\"elementor-section elementor-top-section elementor-element elementor-element-14b4e44 elementor-section-boxed elementor-section-height-default elementor-section-height-default\" data-id=\"14b4e44\" data-element_type=\"section\" data-settings=\"{&quot;background_background&quot;:&quot;classic&quot;}\">\n\t\t\t\t\t\t<div class=\"elementor-container elementor-column-gap-default\">\n\t\t\t\t\t<div class=\"elementor-column elementor-col-100 elementor-top-column elementor-element elementor-element-4f8035c\" data-id=\"4f8035c\" data-element_type=\"column\">\n\t\t\t<div class=\"elementor-widget-wrap elementor-element-populated\">\n\t\t\t\t\t\t\t\t<div class=\"elementor-element elementor-element-e9cf68d elementor-widget elementor-widget-spacer\" data-id=\"e9cf68d\" data-element_type=\"widget\" data-widget_type=\"spacer.default\">\n\t\t\t\t<div class=\"elementor-widget-container\">\n\t\t\t\t\t<div class=\"elementor-spacer\">\n\t\t\t<div class=\"elementor-spacer-inner\"><\/div>\n\t\t<\/div>\n\t\t\t\t<\/div>\n\t\t\t\t<\/div>\n\t\t\t\t\t<\/div>\n\t\t<\/div>\n\t\t\t\t\t\t\t<\/div>\n\t\t<\/section>\n\t\t\t\t\t\t\t<\/div>\n\t\t","protected":false},"excerpt":{"rendered":"<p>Pol\u00edtica de Privacidad \/ Privacy Policy \u00daltima actualizaci\u00f3n \/ Last updated: 20 de octubre de 2025 1. Introducci\u00f3n \/ IntroductionES: Esta aplicaci\u00f3n utiliza la c\u00e1mara del dispositivo exclusivamente para escanear c\u00f3digos QR relacionados con el control de acceso. No se recopilan, almacenan ni comparten im\u00e1genes ni datos biom\u00e9tricos.EN: This application uses the device\u2019s camera solely&hellip;&nbsp;<a href=\"https:\/\/www.wicom-telefonica.com\/index.php\/politica-de-privacidad\/\" class=\"\" rel=\"bookmark\">Read More &raquo;<span class=\"screen-reader-text\">Pol\u00edtica de Privacidad<\/span><\/a><\/p>\n","protected":false},"author":1,"featured_media":0,"parent":0,"menu_order":0,"comment_status":"closed","ping_status":"closed","template":"page-templates\/template-pagebuilder-full-width.php","meta":{"neve_meta_sidebar":"","neve_meta_container":"","neve_meta_enable_content_width":"","neve_meta_content_width":0,"neve_meta_title_alignment":"","neve_meta_author_avatar":"","neve_post_elements_order":"","neve_meta_disable_header":"","neve_meta_disable_footer":"","neve_meta_disable_title":""},"_links":{"self":[{"href":"https:\/\/www.wicom-telefonica.com\/index.php\/wp-json\/wp\/v2\/pages\/3911"}],"collection":[{"href":"https:\/\/www.wicom-telefonica.com\/index.php\/wp-json\/wp\/v2\/pages"}],"about":[{"href":"https:\/\/www.wicom-telefonica.com\/index.php\/wp-json\/wp\/v2\/types\/page"}],"author":[{"embeddable":true,"href":"https:\/\/www.wicom-telefonica.com\/index.php\/wp-json\/wp\/v2\/users\/1"}],"replies":[{"embeddable":true,"href":"https:\/\/www.wicom-telefonica.com\/index.php\/wp-json\/wp\/v2\/comments?post=3911"}],"version-history":[{"count":26,"href":"https:\/\/www.wicom-telefonica.com\/index.php\/wp-json\/wp\/v2\/pages\/3911\/revisions"}],"predecessor-version":[{"id":4833,"href":"https:\/\/www.wicom-telefonica.com\/index.php\/wp-json\/wp\/v2\/pages\/3911\/revisions\/4833"}],"wp:attachment":[{"href":"https:\/\/www.wicom-telefonica.com\/index.php\/wp-json\/wp\/v2\/media?parent=3911"}],"curies":[{"name":"wp","href":"https:\/\/api.w.org\/{rel}","templated":true}]}}