{"id":6,"date":"2021-08-13T14:29:04","date_gmt":"2021-08-13T14:29:04","guid":{"rendered":"http:\/\/pt.wicom-telefonica.com\/?page_id=6"},"modified":"2025-10-13T17:44:07","modified_gmt":"2025-10-13T17:44:07","slug":"the-new-umoma-opens-its-doors","status":"publish","type":"page","link":"https:\/\/www.wicom-telefonica.com\/","title":{"rendered":"WICOM TELEFONICA"},"content":{"rendered":"\t\t<div data-elementor-type=\"wp-page\" data-elementor-id=\"6\" class=\"elementor elementor-6\">\n\t\t\t\t\t\t\t\t\t<section class=\"elementor-section elementor-top-section elementor-element elementor-element-2bf7398 elementor-section-boxed elementor-section-height-default elementor-section-height-default\" data-id=\"2bf7398\" data-element_type=\"section\" data-settings=\"{&quot;background_background&quot;:&quot;classic&quot;}\">\n\t\t\t\t\t\t<div class=\"elementor-container elementor-column-gap-default\">\n\t\t\t\t\t<div class=\"elementor-column elementor-col-100 elementor-top-column elementor-element elementor-element-c29e52e\" data-id=\"c29e52e\" data-element_type=\"column\">\n\t\t\t<div class=\"elementor-widget-wrap elementor-element-populated\">\n\t\t\t\t\t\t\t\t<div class=\"elementor-element elementor-element-64720a1 elementor-widget elementor-widget-shortcode\" data-id=\"64720a1\" data-element_type=\"widget\" data-widget_type=\"shortcode.default\">\n\t\t\t\t<div class=\"elementor-widget-container\">\n\t\t\t\t\t<div class=\"elementor-shortcode\"><\/div>\n\t\t\t\t<\/div>\n\t\t\t\t<\/div>\n\t\t\t\t\t<\/div>\n\t\t<\/div>\n\t\t\t\t\t\t\t<\/div>\n\t\t<\/section>\n\t\t\t\t<section class=\"elementor-section elementor-top-section elementor-element elementor-element-65d6839 elementor-section-stretched elementor-reverse-tablet elementor-reverse-mobile elementor-section-boxed elementor-section-height-default elementor-section-height-default\" data-id=\"65d6839\" data-element_type=\"section\" data-settings=\"{&quot;animation&quot;:&quot;none&quot;,&quot;background_background&quot;:&quot;classic&quot;,&quot;stretch_section&quot;:&quot;section-stretched&quot;}\">\n\t\t\t\t\t\t<div class=\"elementor-container elementor-column-gap-default\">\n\t\t\t\t\t<div class=\"elementor-column elementor-col-20 elementor-top-column elementor-element elementor-element-d45dcf7\" data-id=\"d45dcf7\" data-element_type=\"column\">\n\t\t\t<div class=\"elementor-widget-wrap elementor-element-populated\">\n\t\t\t\t\t\t\t\t<div class=\"elementor-element elementor-element-88ca31d elementor-widget elementor-widget-image\" data-id=\"88ca31d\" data-element_type=\"widget\" data-widget_type=\"image.default\">\n\t\t\t\t<div class=\"elementor-widget-container\">\n\t\t\t<style>\/*! elementor - v3.6.7 - 12-07-2022 *\/\n.elementor-widget-image{text-align:center}.elementor-widget-image a{display:inline-block}.elementor-widget-image a img[src$=\".svg\"]{width:48px}.elementor-widget-image img{vertical-align:middle;display:inline-block}<\/style>\t\t\t\t\t\t\t\t\t\t\t\t<img width=\"500\" height=\"500\" src=\"https:\/\/www.wicom-telefonica.com\/wp-content\/uploads\/2024\/01\/10.png\" class=\"attachment-full size-full\" alt=\"\" loading=\"lazy\" \/>\t\t\t\t\t\t\t\t\t\t\t\t\t\t\t<\/div>\n\t\t\t\t<\/div>\n\t\t\t\t<div class=\"elementor-element elementor-element-67be152 elementor-invisible elementor-widget elementor-widget-text-editor\" data-id=\"67be152\" data-element_type=\"widget\" data-settings=\"{&quot;_animation&quot;:&quot;rotateInDownLeft&quot;}\" data-widget_type=\"text-editor.default\">\n\t\t\t\t<div class=\"elementor-widget-container\">\n\t\t\t<style>\/*! elementor - v3.6.7 - 12-07-2022 *\/\n.elementor-widget-text-editor.elementor-drop-cap-view-stacked .elementor-drop-cap{background-color:#818a91;color:#fff}.elementor-widget-text-editor.elementor-drop-cap-view-framed .elementor-drop-cap{color:#818a91;border:3px solid;background-color:transparent}.elementor-widget-text-editor:not(.elementor-drop-cap-view-default) .elementor-drop-cap{margin-top:8px}.elementor-widget-text-editor:not(.elementor-drop-cap-view-default) .elementor-drop-cap-letter{width:1em;height:1em}.elementor-widget-text-editor .elementor-drop-cap{float:left;text-align:center;line-height:1;font-size:50px}.elementor-widget-text-editor .elementor-drop-cap-letter{display:inline-block}<\/style>\t\t\t\t<p><span style=\"color: #000000; font-family: HelveticaNeue, 'Helvetica Neue', Arial, sans-serif; font-size: medium;\">Tecnolog\u00eda<\/span><\/p>\t\t\t\t\t\t<\/div>\n\t\t\t\t<\/div>\n\t\t\t\t<div class=\"elementor-element elementor-element-f993437 elementor-invisible elementor-widget elementor-widget-heading\" data-id=\"f993437\" data-element_type=\"widget\" data-settings=\"{&quot;_animation&quot;:&quot;fadeIn&quot;}\" data-widget_type=\"heading.default\">\n\t\t\t\t<div class=\"elementor-widget-container\">\n\t\t\t<style>\/*! elementor - v3.6.7 - 12-07-2022 *\/\n.elementor-heading-title{padding:0;margin:0;line-height:1}.elementor-widget-heading .elementor-heading-title[class*=elementor-size-]>a{color:inherit;font-size:inherit;line-height:inherit}.elementor-widget-heading .elementor-heading-title.elementor-size-small{font-size:15px}.elementor-widget-heading .elementor-heading-title.elementor-size-medium{font-size:19px}.elementor-widget-heading .elementor-heading-title.elementor-size-large{font-size:29px}.elementor-widget-heading .elementor-heading-title.elementor-size-xl{font-size:39px}.elementor-widget-heading .elementor-heading-title.elementor-size-xxl{font-size:59px}<\/style><h2 class=\"elementor-heading-title elementor-size-default\">_____<\/h2>\t\t<\/div>\n\t\t\t\t<\/div>\n\t\t\t\t<div class=\"elementor-element elementor-element-8a62b82 elementor-invisible elementor-widget elementor-widget-text-editor\" data-id=\"8a62b82\" data-element_type=\"widget\" data-settings=\"{&quot;_animation&quot;:&quot;rotateInDownRight&quot;}\" data-widget_type=\"text-editor.default\">\n\t\t\t\t<div class=\"elementor-widget-container\">\n\t\t\t\t\t\t\t<ul><li>Servidores F\u00edsicos<\/li><li>Servidores de Almacenamiento en la nube<\/li><li>Maquinas y Servidores Virtuales\u00a0<\/li><li>Servidores de aplicaciones (DNS, FTP y AD, XAMPP)<\/li><li>Servidores de Correos<\/li><li>Certificados SSL<\/li><li>Enrutamiento y creaci\u00f3n de dominios de internet<\/li><li>Alojamiento y creaci\u00f3n pagina web\u00a0<\/li><li>Licencias de sofware<\/li><li>Mantenimiento de equipo de computo<\/li><\/ul>\t\t\t\t\t\t<\/div>\n\t\t\t\t<\/div>\n\t\t\t\t\t<\/div>\n\t\t<\/div>\n\t\t\t\t<div class=\"elementor-column elementor-col-20 elementor-top-column elementor-element elementor-element-673f72c\" data-id=\"673f72c\" data-element_type=\"column\">\n\t\t\t<div class=\"elementor-widget-wrap elementor-element-populated\">\n\t\t\t\t\t\t\t\t<div class=\"elementor-element elementor-element-8d8bdb9 elementor-widget elementor-widget-image\" data-id=\"8d8bdb9\" data-element_type=\"widget\" data-widget_type=\"image.default\">\n\t\t\t\t<div class=\"elementor-widget-container\">\n\t\t\t\t\t\t\t\t\t\t\t\t\t\t\t<img width=\"500\" height=\"500\" src=\"https:\/\/www.wicom-telefonica.com\/wp-content\/uploads\/2024\/01\/9.png\" class=\"attachment-full size-full\" alt=\"\" loading=\"lazy\" \/>\t\t\t\t\t\t\t\t\t\t\t\t\t\t\t<\/div>\n\t\t\t\t<\/div>\n\t\t\t\t<div class=\"elementor-element elementor-element-3180228 elementor-invisible elementor-widget elementor-widget-text-editor\" data-id=\"3180228\" data-element_type=\"widget\" data-settings=\"{&quot;_animation&quot;:&quot;rotateInDownRight&quot;}\" data-widget_type=\"text-editor.default\">\n\t\t\t\t<div class=\"elementor-widget-container\">\n\t\t\t\t\t\t\t<p><span style=\"color: #000000; font-family: HelveticaNeue, Helvetica Neue, Arial, sans-serif; font-size: medium;\">Telecomunicaciones\u00a0<\/span><\/p>\t\t\t\t\t\t<\/div>\n\t\t\t\t<\/div>\n\t\t\t\t<div class=\"elementor-element elementor-element-0bafad8 elementor-invisible elementor-widget elementor-widget-heading\" data-id=\"0bafad8\" data-element_type=\"widget\" data-settings=\"{&quot;_animation&quot;:&quot;fadeIn&quot;}\" data-widget_type=\"heading.default\">\n\t\t\t\t<div class=\"elementor-widget-container\">\n\t\t\t<h2 class=\"elementor-heading-title elementor-size-default\">_____<\/h2>\t\t<\/div>\n\t\t\t\t<\/div>\n\t\t\t\t<div class=\"elementor-element elementor-element-9a9c646 elementor-invisible elementor-widget elementor-widget-text-editor\" data-id=\"9a9c646\" data-element_type=\"widget\" data-settings=\"{&quot;_animation&quot;:&quot;rotateInDownRight&quot;}\" data-widget_type=\"text-editor.default\">\n\t\t\t\t<div class=\"elementor-widget-container\">\n\t\t\t\t\t\t\t<ul><li>Servicio de Internet<\/li><li>Interconexion de Oficinas (Datos)<\/li><li>Plantas Telef\u00f3nicas, tel\u00e9fonos y accesorios<\/li><li>Renta y venta de radios Walkie Tolkie, An\u00e1logos y Digital<\/li><li>Sistemas GPS para veh\u00edculos, motos, equipo pesado y protecci\u00f3n de valores<\/li><li>Bloqueadores para redes de telefon\u00eda m\u00f3vil y WIFI<\/li><li>Equipo para redes LAN y WAN<\/li><li>Dise\u00f1o y Construcci\u00f3n de Redes de Fibra \u00d3ptica<\/li><li>Certificaci\u00f3n de Redes y Cableado Estructurado<\/li><li>Accesorios para redes LAN y Fibra \u00d3ptica <\/li><\/ul>\t\t\t\t\t\t<\/div>\n\t\t\t\t<\/div>\n\t\t\t\t\t<\/div>\n\t\t<\/div>\n\t\t\t\t<div class=\"elementor-column elementor-col-20 elementor-top-column elementor-element elementor-element-2985980\" data-id=\"2985980\" data-element_type=\"column\">\n\t\t\t<div class=\"elementor-widget-wrap elementor-element-populated\">\n\t\t\t\t\t\t\t\t<div class=\"elementor-element elementor-element-df0175e elementor-widget elementor-widget-image\" data-id=\"df0175e\" data-element_type=\"widget\" data-widget_type=\"image.default\">\n\t\t\t\t<div class=\"elementor-widget-container\">\n\t\t\t\t\t\t\t\t\t\t\t\t\t\t\t<img width=\"500\" height=\"500\" src=\"https:\/\/www.wicom-telefonica.com\/wp-content\/uploads\/2024\/01\/123.png\" class=\"attachment-full size-full\" alt=\"\" loading=\"lazy\" \/>\t\t\t\t\t\t\t\t\t\t\t\t\t\t\t<\/div>\n\t\t\t\t<\/div>\n\t\t\t\t<div class=\"elementor-element elementor-element-7328f44 elementor-invisible elementor-widget elementor-widget-text-editor\" data-id=\"7328f44\" data-element_type=\"widget\" data-settings=\"{&quot;_animation&quot;:&quot;slideInUp&quot;}\" data-widget_type=\"text-editor.default\">\n\t\t\t\t<div class=\"elementor-widget-container\">\n\t\t\t\t\t\t\t<p><span style=\"border: 0px; font-variant-numeric: inherit; font-variant-east-asian: inherit; font-stretch: inherit; font-size: medium; line-height: inherit; font-family: HelveticaNeue, 'Helvetica Neue', Arial, sans-serif; vertical-align: baseline; color: #000000;\">Seguridad y Vigilancia<\/span><\/p>\t\t\t\t\t\t<\/div>\n\t\t\t\t<\/div>\n\t\t\t\t<div class=\"elementor-element elementor-element-9f08fec elementor-invisible elementor-widget elementor-widget-heading\" data-id=\"9f08fec\" data-element_type=\"widget\" data-settings=\"{&quot;_animation&quot;:&quot;fadeIn&quot;}\" data-widget_type=\"heading.default\">\n\t\t\t\t<div class=\"elementor-widget-container\">\n\t\t\t<h2 class=\"elementor-heading-title elementor-size-default\">_____<\/h2>\t\t<\/div>\n\t\t\t\t<\/div>\n\t\t\t\t<div class=\"elementor-element elementor-element-9ae2d9b elementor-invisible elementor-widget elementor-widget-text-editor\" data-id=\"9ae2d9b\" data-element_type=\"widget\" data-settings=\"{&quot;_animation&quot;:&quot;rotateInDownRight&quot;}\" data-widget_type=\"text-editor.default\">\n\t\t\t\t<div class=\"elementor-widget-container\">\n\t\t\t\t\t\t\t<ul id=\"menu-menu2\" class=\"menu\"><li>C\u00e1maras IP, An\u00e1logas, T\u00e9rmicas y LPR<\/li><li>Videograbadores an\u00e1logos y digitales\u00a0<\/li><li>Sistema de C\u00e1mara Vehicular de Inteligencia Artificial<\/li><li>Sistema de C\u00e1mara Vehicular de 360\u00b0<\/li><li>Equipos para seguridad y espionaje\u00a0<\/li><li>Software de Anal\u00edtica de Video (Rostros, Placas)<\/li><li>Servidores de Almacenamiento de Video<\/li><li>Matrices de Video \/ Video WALL<\/li><li>Sistema de V\u00eddeoportero para edificios o apartamentos<\/li><li>Case Anti-explosivos para CCTV<\/li><\/ul>\t\t\t\t\t\t<\/div>\n\t\t\t\t<\/div>\n\t\t\t\t\t<\/div>\n\t\t<\/div>\n\t\t\t\t<div class=\"elementor-column elementor-col-20 elementor-top-column elementor-element elementor-element-f44266a\" data-id=\"f44266a\" data-element_type=\"column\">\n\t\t\t<div class=\"elementor-widget-wrap elementor-element-populated\">\n\t\t\t\t\t\t\t\t<div class=\"elementor-element elementor-element-b9fdb14 elementor-widget elementor-widget-image\" data-id=\"b9fdb14\" data-element_type=\"widget\" data-widget_type=\"image.default\">\n\t\t\t\t<div class=\"elementor-widget-container\">\n\t\t\t\t\t\t\t\t\t\t\t\t\t\t\t<img width=\"500\" height=\"500\" src=\"https:\/\/www.wicom-telefonica.com\/wp-content\/uploads\/2024\/01\/13.png\" class=\"attachment-full size-full\" alt=\"\" loading=\"lazy\" \/>\t\t\t\t\t\t\t\t\t\t\t\t\t\t\t<\/div>\n\t\t\t\t<\/div>\n\t\t\t\t<div class=\"elementor-element elementor-element-5e38f06 elementor-invisible elementor-widget elementor-widget-text-editor\" data-id=\"5e38f06\" data-element_type=\"widget\" data-settings=\"{&quot;_animation&quot;:&quot;slideInUp&quot;}\" data-widget_type=\"text-editor.default\">\n\t\t\t\t<div class=\"elementor-widget-container\">\n\t\t\t\t\t\t\t<p><span style=\"border: 0px; font-variant-numeric: inherit; font-variant-east-asian: inherit; font-stretch: inherit; font-size: medium; line-height: inherit; font-family: HelveticaNeue, 'Helvetica Neue', Arial, sans-serif; vertical-align: baseline; color: #000000;\">Control de Acceso\u00a0<\/span><\/p>\t\t\t\t\t\t<\/div>\n\t\t\t\t<\/div>\n\t\t\t\t<div class=\"elementor-element elementor-element-18db9a6 elementor-invisible elementor-widget elementor-widget-heading\" data-id=\"18db9a6\" data-element_type=\"widget\" data-settings=\"{&quot;_animation&quot;:&quot;fadeIn&quot;}\" data-widget_type=\"heading.default\">\n\t\t\t\t<div class=\"elementor-widget-container\">\n\t\t\t<h2 class=\"elementor-heading-title elementor-size-default\">_____<\/h2>\t\t<\/div>\n\t\t\t\t<\/div>\n\t\t\t\t<div class=\"elementor-element elementor-element-eb9441f elementor-invisible elementor-widget elementor-widget-text-editor\" data-id=\"eb9441f\" data-element_type=\"widget\" data-settings=\"{&quot;_animation&quot;:&quot;rotateInDownRight&quot;}\" data-widget_type=\"text-editor.default\">\n\t\t\t\t<div class=\"elementor-widget-container\">\n\t\t\t\t\t\t\t<ul><li>Sistema de Telepeaje RF<\/li><li>Escaners Biometrico de Huella y Rostro<\/li><li>Candados Magneticos e Inteligente NFC<\/li><li>Intercomunicadores<\/li><li>Sistemas de Alarma<\/li><li>Barreras Vehiculares<\/li><li>Sistema de Cobro para Estacionamientos<\/li><li>Molinetes para Control de Acceso<\/li><li>Detectores de Metal de arco y port\u00e1tiles\u00a0<\/li><li>Maquinas de RayosX para Chequeo de Equipaje<\/li><\/ul>\t\t\t\t\t\t<\/div>\n\t\t\t\t<\/div>\n\t\t\t\t\t<\/div>\n\t\t<\/div>\n\t\t\t\t<div class=\"elementor-column elementor-col-20 elementor-top-column elementor-element elementor-element-f7e3920\" data-id=\"f7e3920\" data-element_type=\"column\">\n\t\t\t<div class=\"elementor-widget-wrap elementor-element-populated\">\n\t\t\t\t\t\t\t\t<div class=\"elementor-element elementor-element-c9d18c4 elementor-widget elementor-widget-image\" data-id=\"c9d18c4\" data-element_type=\"widget\" data-widget_type=\"image.default\">\n\t\t\t\t<div class=\"elementor-widget-container\">\n\t\t\t\t\t\t\t\t\t\t\t\t\t\t\t<img width=\"500\" height=\"500\" src=\"https:\/\/www.wicom-telefonica.com\/wp-content\/uploads\/2024\/01\/142.png\" class=\"attachment-full size-full\" alt=\"\" loading=\"lazy\" \/>\t\t\t\t\t\t\t\t\t\t\t\t\t\t\t<\/div>\n\t\t\t\t<\/div>\n\t\t\t\t<div class=\"elementor-element elementor-element-ceee70c elementor-invisible elementor-widget elementor-widget-text-editor\" data-id=\"ceee70c\" data-element_type=\"widget\" data-settings=\"{&quot;_animation&quot;:&quot;rotateInDownLeft&quot;}\" data-widget_type=\"text-editor.default\">\n\t\t\t\t<div class=\"elementor-widget-container\">\n\t\t\t\t\t\t\t<p><span style=\"color: #000000; font-family: HelveticaNeue, 'Helvetica Neue', Arial, sans-serif; font-size: medium;\">Energ\u00eda e Industria\u00a0<\/span><\/p>\t\t\t\t\t\t<\/div>\n\t\t\t\t<\/div>\n\t\t\t\t<div class=\"elementor-element elementor-element-7566cc1 elementor-invisible elementor-widget elementor-widget-heading\" data-id=\"7566cc1\" data-element_type=\"widget\" data-settings=\"{&quot;_animation&quot;:&quot;fadeIn&quot;}\" data-widget_type=\"heading.default\">\n\t\t\t\t<div class=\"elementor-widget-container\">\n\t\t\t<h2 class=\"elementor-heading-title elementor-size-default\">_____<\/h2>\t\t<\/div>\n\t\t\t\t<\/div>\n\t\t\t\t<div class=\"elementor-element elementor-element-eed37b6 elementor-invisible elementor-widget elementor-widget-text-editor\" data-id=\"eed37b6\" data-element_type=\"widget\" data-settings=\"{&quot;_animation&quot;:&quot;rotateInDownRight&quot;}\" data-widget_type=\"text-editor.default\">\n\t\t\t\t<div class=\"elementor-widget-container\">\n\t\t\t\t\t\t\t<ul><li>Radares de Detecci\u00f3n de Polizonte DMT<\/li><li>Sistema de puesta a tierra (Pararrayos)<\/li><li>Sistemas de Monitoreo Remoto y PLC<\/li><li>Sistemas Contra Incendios<\/li><li>Fabricaci\u00f3n y Mantenimiento de Torres de Comunicaci\u00f3n<\/li><li>Inversores H\u00edbridos y On Grid<\/li><li>Bater\u00edas de Ciclo profundo de gel y litio\u00a0<\/li><li>Paneles Solares y Controladoras de carga\u00a0<\/li><li>Generadores El\u00e9ctricos (Monof\u00e1sicos\/Trif\u00e1sicos)<\/li><li>Transferencias Autom\u00e1ticas ATS\u00a0<\/li><\/ul>\t\t\t\t\t\t<\/div>\n\t\t\t\t<\/div>\n\t\t\t\t\t<\/div>\n\t\t<\/div>\n\t\t\t\t\t\t\t<\/div>\n\t\t<\/section>\n\t\t\t\t<section class=\"elementor-section elementor-top-section elementor-element elementor-element-ee5c875 elementor-section-boxed elementor-section-height-default elementor-section-height-default\" data-id=\"ee5c875\" data-element_type=\"section\" data-settings=\"{&quot;background_background&quot;:&quot;classic&quot;}\">\n\t\t\t\t\t\t<div class=\"elementor-container elementor-column-gap-default\">\n\t\t\t\t\t<div class=\"elementor-column elementor-col-100 elementor-top-column elementor-element elementor-element-e49631a\" data-id=\"e49631a\" data-element_type=\"column\">\n\t\t\t<div class=\"elementor-widget-wrap elementor-element-populated\">\n\t\t\t\t\t\t\t\t<div class=\"elementor-element elementor-element-49da11a elementor-widget elementor-widget-spacer\" data-id=\"49da11a\" data-element_type=\"widget\" data-widget_type=\"spacer.default\">\n\t\t\t\t<div class=\"elementor-widget-container\">\n\t\t\t<style>\/*! elementor - v3.6.7 - 12-07-2022 *\/\n.e-container.e-container--row .elementor-spacer-inner{width:var(--spacer-size)}.e-container.e-container--column .elementor-spacer-inner,.elementor-column .elementor-spacer-inner{height:var(--spacer-size)}<\/style>\t\t<div class=\"elementor-spacer\">\n\t\t\t<div class=\"elementor-spacer-inner\"><\/div>\n\t\t<\/div>\n\t\t\t\t<\/div>\n\t\t\t\t<\/div>\n\t\t\t\t\t<\/div>\n\t\t<\/div>\n\t\t\t\t\t\t\t<\/div>\n\t\t<\/section>\n\t\t\t\t\t\t\t<\/div>\n\t\t","protected":false},"excerpt":{"rendered":"<p>Tecnolog\u00eda _____ Servidores F\u00edsicos Servidores de Almacenamiento en la nube Maquinas y Servidores Virtuales\u00a0 Servidores de aplicaciones (DNS, FTP y AD, XAMPP) Servidores de Correos Certificados SSL Enrutamiento y creaci\u00f3n de dominios de internet Alojamiento y creaci\u00f3n pagina web\u00a0 Licencias de sofware Mantenimiento de equipo de computo Telecomunicaciones\u00a0 _____ Servicio de Internet Interconexion de Oficinas&hellip;&nbsp;<a href=\"https:\/\/www.wicom-telefonica.com\/\" class=\"\" rel=\"bookmark\">Read More &raquo;<span class=\"screen-reader-text\">WICOM TELEFONICA<\/span><\/a><\/p>\n","protected":false},"author":1,"featured_media":0,"parent":0,"menu_order":0,"comment_status":"closed","ping_status":"closed","template":"elementor_header_footer","meta":{"neve_meta_sidebar":"","neve_meta_container":"","neve_meta_enable_content_width":"","neve_meta_content_width":0,"neve_meta_title_alignment":"","neve_meta_author_avatar":"","neve_post_elements_order":"","neve_meta_disable_header":"","neve_meta_disable_footer":"","neve_meta_disable_title":""},"_links":{"self":[{"href":"https:\/\/www.wicom-telefonica.com\/index.php\/wp-json\/wp\/v2\/pages\/6"}],"collection":[{"href":"https:\/\/www.wicom-telefonica.com\/index.php\/wp-json\/wp\/v2\/pages"}],"about":[{"href":"https:\/\/www.wicom-telefonica.com\/index.php\/wp-json\/wp\/v2\/types\/page"}],"author":[{"embeddable":true,"href":"https:\/\/www.wicom-telefonica.com\/index.php\/wp-json\/wp\/v2\/users\/1"}],"replies":[{"embeddable":true,"href":"https:\/\/www.wicom-telefonica.com\/index.php\/wp-json\/wp\/v2\/comments?post=6"}],"version-history":[{"count":1169,"href":"https:\/\/www.wicom-telefonica.com\/index.php\/wp-json\/wp\/v2\/pages\/6\/revisions"}],"predecessor-version":[{"id":4826,"href":"https:\/\/www.wicom-telefonica.com\/index.php\/wp-json\/wp\/v2\/pages\/6\/revisions\/4826"}],"wp:attachment":[{"href":"https:\/\/www.wicom-telefonica.com\/index.php\/wp-json\/wp\/v2\/media?parent=6"}],"curies":[{"name":"wp","href":"https:\/\/api.w.org\/{rel}","templated":true}]}}